{"id":275,"date":"2021-06-28T12:04:29","date_gmt":"2021-06-28T10:04:29","guid":{"rendered":"https:\/\/plstudio.fr\/?page_id=275"},"modified":"2021-06-28T17:28:50","modified_gmt":"2021-06-28T15:28:50","slug":"275-2","status":"publish","type":"page","link":"https:\/\/www.plstudio.fr\/","title":{"rendered":"P+L Studio"},"content":{"rendered":"\n<figure class=\"wp-block-video\"><video autoplay controls poster=\"http:\/\/plstudio.fr\/wp-content\/uploads\/2021\/06\/2004-1-copie.jpg\" preload=\"auto\" src=\"https:\/\/plstudio.fr\/wp-content\/uploads\/2021\/06\/PLStudio_presentation.mp4\"><\/video><\/figure>\n\n\n\n<div style=\"height:100px\" aria-hidden=\"true\" class=\"wp-block-spacer\"><\/div>\n\n\n\n<div style=\"height:100px\" aria-hidden=\"true\" class=\"wp-block-spacer\"><\/div>\n\n\n\n<div class=\"wp-block-columns is-layout-flex wp-container-core-columns-is-layout-2 wp-block-columns-is-layout-flex\">\n<div class=\"wp-block-column is-layout-flow wp-block-column-is-layout-flow\" style=\"flex-basis:100%\">\n<div class=\"wp-block-columns is-layout-flex wp-container-core-columns-is-layout-1 wp-block-columns-is-layout-flex\">\n<div class=\"wp-block-column is-layout-flow wp-block-column-is-layout-flow\" style=\"flex-basis:100%\">\n<div class=\"wp-block-image\"><figure class=\"aligncenter size-large is-resized\"><img loading=\"lazy\" decoding=\"async\" src=\"http:\/\/plstudio.fr\/wp-content\/uploads\/PLStudio_DSC_4630-5lum-678x1024.jpg\" alt=\"\" class=\"wp-image-232\" width=\"433\" height=\"654\" srcset=\"https:\/\/www.plstudio.fr\/wp-content\/uploads\/PLStudio_DSC_4630-5lum-199x300.jpg 199w, https:\/\/www.plstudio.fr\/wp-content\/uploads\/PLStudio_DSC_4630-5lum-200x302.jpg 200w, https:\/\/www.plstudio.fr\/wp-content\/uploads\/PLStudio_DSC_4630-5lum-400x604.jpg 400w, https:\/\/www.plstudio.fr\/wp-content\/uploads\/PLStudio_DSC_4630-5lum-600x906.jpg 600w, https:\/\/www.plstudio.fr\/wp-content\/uploads\/PLStudio_DSC_4630-5lum-678x1024.jpg 678w, https:\/\/www.plstudio.fr\/wp-content\/uploads\/PLStudio_DSC_4630-5lum-768x1159.jpg 768w, https:\/\/www.plstudio.fr\/wp-content\/uploads\/PLStudio_DSC_4630-5lum-800x1208.jpg 800w, https:\/\/www.plstudio.fr\/wp-content\/uploads\/PLStudio_DSC_4630-5lum-1200x1812.jpg 1200w, https:\/\/www.plstudio.fr\/wp-content\/uploads\/PLStudio_DSC_4630-5lum.jpg 3104w\" sizes=\"(max-width: 433px) 100vw, 433px\" \/><\/figure><\/div>\n\n\n\n<div style=\"height:76px\" aria-hidden=\"true\" class=\"wp-block-spacer\"><\/div>\n<\/div>\n\n\n\n<div class=\"wp-block-column is-layout-flow wp-block-column-is-layout-flow\" style=\"flex-basis:100%\">\n<div class=\"wp-block-image\"><figure class=\"alignleft size-large\"><img loading=\"lazy\" decoding=\"async\" width=\"746\" height=\"1024\" src=\"http:\/\/plstudio.fr\/wp-content\/uploads\/2021\/06\/Sans-titre-1-05-1-746x1024.png\" alt=\"\" class=\"wp-image-385\" srcset=\"https:\/\/www.plstudio.fr\/wp-content\/uploads\/2021\/06\/Sans-titre-1-05-1-200x274.png 200w, https:\/\/www.plstudio.fr\/wp-content\/uploads\/2021\/06\/Sans-titre-1-05-1-219x300.png 219w, https:\/\/www.plstudio.fr\/wp-content\/uploads\/2021\/06\/Sans-titre-1-05-1-400x549.png 400w, https:\/\/www.plstudio.fr\/wp-content\/uploads\/2021\/06\/Sans-titre-1-05-1-600x823.png 600w, https:\/\/www.plstudio.fr\/wp-content\/uploads\/2021\/06\/Sans-titre-1-05-1-746x1024.png 746w, https:\/\/www.plstudio.fr\/wp-content\/uploads\/2021\/06\/Sans-titre-1-05-1-768x1054.png 768w, https:\/\/www.plstudio.fr\/wp-content\/uploads\/2021\/06\/Sans-titre-1-05-1-800x1098.png 800w, https:\/\/www.plstudio.fr\/wp-content\/uploads\/2021\/06\/Sans-titre-1-05-1-1120x1536.png 1120w, https:\/\/www.plstudio.fr\/wp-content\/uploads\/2021\/06\/Sans-titre-1-05-1-1200x1646.png 1200w, https:\/\/www.plstudio.fr\/wp-content\/uploads\/2021\/06\/Sans-titre-1-05-1-1493x2048.png 1493w, https:\/\/www.plstudio.fr\/wp-content\/uploads\/2021\/06\/Sans-titre-1-05-1.png 2299w\" sizes=\"(max-width: 746px) 100vw, 746px\" \/><\/figure><\/div>\n<\/div>\n<\/div>\n<\/div>\n<\/div>\n\n\n\n<div class=\"wp-block-columns is-layout-flex wp-container-core-columns-is-layout-3 wp-block-columns-is-layout-flex\">\n<div class=\"wp-block-column is-layout-flow wp-block-column-is-layout-flow\">\n<p class=\"has-text-color\" style=\"color:#eaccd2\">Penser, inventer et d\u00e9cloisonner les usages des mat\u00e9riaux \u00e0 destination des architectes, d\u00e9corateurs d\u2019int\u00e9rieurs, des designers ou encore de prestigieuses maisons de luxe. C\u2019est ainsi que P+L Studio d\u00e9veloppe de nouvelles voies d\u2019exp\u00e9rimentations et une expertise technique unique des possibilit\u00e9s offertes par la broderie et le haut relief textile pour l\u2019ennoblissement de surfaces<\/p>\n\n\n\n<p class=\"has-text-color\" style=\"color:#eaccd2\">Port\u00e9 par sa directrice de cr\u00e9ation Cyrielle Lecl\u00e8re, le studio s\u2019exprime au travers d\u2019un univers esth\u00e9tique qui se veut narratif, avec le souci d\u2019apporter un imaginaire po\u00e9tique \u00e0 ses cr\u00e9ations. Les changements d\u2019\u00e9chelles, de la micro-broderie \u00e0 la macro-broderie puis \u00e0 la sculpture textile, nourrissent constamment les recherches men\u00e9es par l\u2019atelier P+L Studio et en font un laboratoire de prospective ornementale.<\/p>\n<\/div>\n\n\n\n<div class=\"wp-block-column is-layout-flow wp-block-column-is-layout-flow\" style=\"flex-basis:38%\">\n<p class=\"has-text-color\" style=\"color:#eaccd2\">MICRO-BRODERIE<\/p>\n\n\n\n<p class=\"has-text-color\" style=\"color:#eaccd2\"><em>H\u00e9ritier du savoir-faire traditionnel de la broderie \u00e0 l\u2019aiguille et au crochet de Lun\u00e9ville, P+L Studio s\u2019inscrit dans une actualisation constante de ces techniques.<\/em><\/p>\n\n\n\n<p class=\"has-text-color\" style=\"color:#eaccd2\"><em>Par une recherche m\u00e9ticuleuse mais d\u00e9complex\u00e9e des fournitures et de leur application, les ennoblissements sont pens\u00e9s tels des mati\u00e8res \u00e0 manier et \u00e0 d\u00e9cliner sur les objets, le mobilier ou des pans de plus grande \u00e9tendue.<\/em><\/p>\n\n\n\n<p class=\"has-text-color\" style=\"color:#eaccd2\">MACRO-BRODERIE<\/p>\n\n\n\n<p class=\"has-text-color\" style=\"color:#eaccd2\"><em>Dans la volont\u00e9 de donner \u00e0 ses cr\u00e9ations une dimension plus sc\u00e9nographique et architecturale, P+L Studio d\u00e9veloppe depuis plusieurs ann\u00e9es des broderies \u00e0 grande \u00e9chelle. Par un accroissement homoth\u00e9tique des fournitures traditionnelles de broderie et une adaptation des supports, le studio con\u00e7oit des ennoblissements hors normes, manifestation d\u00e9mesur\u00e9e d\u2019une exploration au c\u0153ur des d\u00e9tails de la mati\u00e8re.<\/em><\/p>\n<\/div>\n\n\n\n<div class=\"wp-block-column is-layout-flow wp-block-column-is-layout-flow\">\n<p class=\"has-text-color\" style=\"color:#eaccd2\">SUPPORTS SINGULIERS<\/p>\n\n\n\n<p class=\"has-text-color\" style=\"color:#eaccd2\"><em>Par tradition, le studio est familier de l\u2019ennoblissement sur mat\u00e9riaux souples, en premier lieu desquels les tissus et les cuirs. Pour autant, P+L Studio d\u00e9cloisonne les usages en explorant des supports plus in\u00e9dits tels que les placages de bois, la feuille de pierre ou encore les peintures et enduits d\u00e9coratifs sur panneaux. En ouvrant ses ennoblissements \u00e0 des techniques hors champ, le studio gagne ainsi les moyens d\u2019investir la majorit\u00e9 des objets et surfaces architecturales int\u00e9rieurs.<\/em><\/p>\n\n\n\n<p class=\"has-text-color\" style=\"color:#eaccd2\">S\u2019inscrivant dans les valeurs d\u2019excellence \u00e0 la fran\u00e7aise des m\u00e9tiers d\u2019art, P+L Studio d\u00e9veloppe depuis 2015 ses collaborations en direction artistique et en cr\u00e9ation de surfaces pour la d\u00e9coration d\u2019int\u00e9rieur et les marques de luxe.<\/p>\n<\/div>\n<\/div>\n\n\n\n<div style=\"height:100px\" aria-hidden=\"true\" class=\"wp-block-spacer\"><\/div>\n\n\n\n<div class=\"wp-block-columns is-layout-flex wp-container-core-columns-is-layout-4 wp-block-columns-is-layout-flex\">\n<div class=\"wp-block-column is-layout-flow wp-block-column-is-layout-flow\"><\/div>\n\n\n\n<div class=\"wp-block-column is-vertically-aligned-center is-layout-flow wp-block-column-is-layout-flow\"><\/div>\n<\/div>\n\n\n\n<div style=\"height:100px\" aria-hidden=\"true\" class=\"wp-block-spacer\"><\/div>\n\n\n\n<div class=\"wp-block-image\"><figure class=\"aligncenter size-large is-resized\"><img loading=\"lazy\" decoding=\"async\" src=\"http:\/\/plstudio.fr\/wp-content\/uploads\/PLStudio_Illustration_chambre-737x1024.jpg\" alt=\"\" class=\"wp-image-249\" width=\"738\" height=\"1025\" srcset=\"https:\/\/www.plstudio.fr\/wp-content\/uploads\/PLStudio_Illustration_chambre-200x278.jpg 200w, https:\/\/www.plstudio.fr\/wp-content\/uploads\/PLStudio_Illustration_chambre-216x300.jpg 216w, https:\/\/www.plstudio.fr\/wp-content\/uploads\/PLStudio_Illustration_chambre-400x556.jpg 400w, https:\/\/www.plstudio.fr\/wp-content\/uploads\/PLStudio_Illustration_chambre-600x833.jpg 600w, https:\/\/www.plstudio.fr\/wp-content\/uploads\/PLStudio_Illustration_chambre-737x1024.jpg 737w, https:\/\/www.plstudio.fr\/wp-content\/uploads\/PLStudio_Illustration_chambre-768x1067.jpg 768w, https:\/\/www.plstudio.fr\/wp-content\/uploads\/PLStudio_Illustration_chambre-800x1111.jpg 800w, https:\/\/www.plstudio.fr\/wp-content\/uploads\/PLStudio_Illustration_chambre-1200x1667.jpg 1200w, https:\/\/www.plstudio.fr\/wp-content\/uploads\/PLStudio_Illustration_chambre.jpg 2127w\" sizes=\"(max-width: 738px) 100vw, 738px\" \/><\/figure><\/div>\n\n\n\n<div style=\"height:100px\" aria-hidden=\"true\" class=\"wp-block-spacer\"><\/div>\n\n\n\n<h1 class=\"has-text-align-center has-text-color wp-block-heading\" style=\"color:#eaccd2\">contact@plstudio.fr<\/h1>\n\n\n\n<p><\/p>\n\n\n\n<p><\/p>\n\n\n\n<div class=\"wp-block-image\"><figure class=\"aligncenter size-large is-resized\"><a class=\"https:\/\/www.instagram.com\/pl_studio_design\/\" href=\"https:\/\/www.instagram.com\/pl_studio_design\/\" target=\"_blank\" rel=\"https:\/\/www.instagram.com\/pl_studio_design\/ noopener\"><img loading=\"lazy\" decoding=\"async\" src=\"https:\/\/plstudio.fr\/wp-content\/uploads\/2021\/06\/Sans-titre-1-09.png\" alt=\"\" class=\"wp-image-400\" width=\"31\" height=\"31\" srcset=\"https:\/\/www.plstudio.fr\/wp-content\/uploads\/2021\/06\/Sans-titre-1-09-66x66.png 66w, https:\/\/www.plstudio.fr\/wp-content\/uploads\/2021\/06\/Sans-titre-1-09-150x150.png 150w, https:\/\/www.plstudio.fr\/wp-content\/uploads\/2021\/06\/Sans-titre-1-09-200x200.png 200w, https:\/\/www.plstudio.fr\/wp-content\/uploads\/2021\/06\/Sans-titre-1-09-300x300.png 300w, https:\/\/www.plstudio.fr\/wp-content\/uploads\/2021\/06\/Sans-titre-1-09-400x400.png 400w, https:\/\/www.plstudio.fr\/wp-content\/uploads\/2021\/06\/Sans-titre-1-09-600x600.png 600w, https:\/\/www.plstudio.fr\/wp-content\/uploads\/2021\/06\/Sans-titre-1-09-768x768.png 768w, https:\/\/www.plstudio.fr\/wp-content\/uploads\/2021\/06\/Sans-titre-1-09-800x800.png 800w, https:\/\/www.plstudio.fr\/wp-content\/uploads\/2021\/06\/Sans-titre-1-09.png 937w\" sizes=\"(max-width: 31px) 100vw, 31px\" \/><\/a><\/figure><\/div>\n\n\n\n<div style=\"height:100px\" aria-hidden=\"true\" class=\"wp-block-spacer\"><\/div>\n\n\n\n<p><\/p>\n","protected":false},"excerpt":{"rendered":"<p>Penser, inventer et d\u00e9cloisonner les usages des mat\u00e9riaux \u00e0 destination des architectes, d\u00e9corateurs d\u2019int\u00e9rieurs, des designers ou encore de prestigieuses maisons de luxe. C\u2019est ainsi que P+L Studio d\u00e9veloppe de nouvelles voies d\u2019exp\u00e9rimentations et une expertise technique unique des possibilit\u00e9s offertes par la broderie et le haut relief textile pour l\u2019ennoblissement de surfaces Port\u00e9 par [&hellip;]<\/p>\n","protected":false},"author":1,"featured_media":0,"parent":0,"menu_order":0,"comment_status":"closed","ping_status":"closed","template":"","meta":{"_exactmetrics_skip_tracking":false,"_exactmetrics_sitenote_active":false,"_exactmetrics_sitenote_note":"","_exactmetrics_sitenote_category":0,"footnotes":""},"class_list":["post-275","page","type-page","status-publish","hentry"],"yoast_head":"<!-- This site is optimized with the Yoast SEO plugin v23.6 - https:\/\/yoast.com\/wordpress\/plugins\/seo\/ -->\n<title>P+L Studio \/ Ennoblissement de surfaces, broderie et scupture textile<\/title>\n<meta name=\"description\" content=\"P+L Studio d\u00e9veloppe de nouvelles voies d\u2019exp\u00e9rimentations et une expertise technique unique des possibilit\u00e9s offertes par la broderie et le haut relief textile pour l\u2019ennoblissement de surfaces\" \/>\n<meta name=\"robots\" content=\"index, follow, max-snippet:-1, max-image-preview:large, max-video-preview:-1\" \/>\n<link rel=\"canonical\" href=\"https:\/\/www.plstudio.fr\/\" \/>\n<meta property=\"og:locale\" content=\"fr_FR\" \/>\n<meta property=\"og:type\" content=\"article\" \/>\n<meta property=\"og:title\" content=\"P+L Studio \/ Ennoblissement de surfaces, broderie et scupture textile\" \/>\n<meta property=\"og:description\" content=\"P+L Studio d\u00e9veloppe de nouvelles voies d\u2019exp\u00e9rimentations et une expertise technique unique des possibilit\u00e9s offertes par la broderie et le haut relief textile pour l\u2019ennoblissement de surfaces\" \/>\n<meta property=\"og:url\" content=\"https:\/\/www.plstudio.fr\/\" \/>\n<meta property=\"og:site_name\" content=\"P+L studio\" \/>\n<meta property=\"article:modified_time\" content=\"2021-06-28T15:28:50+00:00\" \/>\n<meta property=\"og:image\" content=\"http:\/\/plstudio.fr\/wp-content\/uploads\/PLStudio_DSC_4630-5lum-678x1024.jpg\" \/>\n<meta name=\"twitter:card\" content=\"summary_large_image\" \/>\n<meta name=\"twitter:label1\" content=\"Dur\u00e9e de lecture estim\u00e9e\" \/>\n\t<meta name=\"twitter:data1\" content=\"2 minutes\" \/>\n<script type=\"application\/ld+json\" class=\"yoast-schema-graph\">{\"@context\":\"https:\/\/schema.org\",\"@graph\":[{\"@type\":\"WebPage\",\"@id\":\"https:\/\/www.plstudio.fr\/\",\"url\":\"https:\/\/www.plstudio.fr\/\",\"name\":\"P+L Studio \/ Ennoblissement de surfaces, broderie et scupture textile\",\"isPartOf\":{\"@id\":\"https:\/\/www.plstudio.fr\/#website\"},\"primaryImageOfPage\":{\"@id\":\"https:\/\/www.plstudio.fr\/#primaryimage\"},\"image\":{\"@id\":\"https:\/\/www.plstudio.fr\/#primaryimage\"},\"thumbnailUrl\":\"http:\/\/plstudio.fr\/wp-content\/uploads\/PLStudio_DSC_4630-5lum-678x1024.jpg\",\"datePublished\":\"2021-06-28T10:04:29+00:00\",\"dateModified\":\"2021-06-28T15:28:50+00:00\",\"description\":\"P+L Studio d\u00e9veloppe de nouvelles voies d\u2019exp\u00e9rimentations et une expertise technique unique des possibilit\u00e9s offertes par la broderie et le haut relief textile pour l\u2019ennoblissement de surfaces\",\"breadcrumb\":{\"@id\":\"https:\/\/www.plstudio.fr\/#breadcrumb\"},\"inLanguage\":\"fr-FR\",\"potentialAction\":[{\"@type\":\"ReadAction\",\"target\":[\"https:\/\/www.plstudio.fr\/\"]}]},{\"@type\":\"ImageObject\",\"inLanguage\":\"fr-FR\",\"@id\":\"https:\/\/www.plstudio.fr\/#primaryimage\",\"url\":\"http:\/\/plstudio.fr\/wp-content\/uploads\/PLStudio_DSC_4630-5lum-678x1024.jpg\",\"contentUrl\":\"http:\/\/plstudio.fr\/wp-content\/uploads\/PLStudio_DSC_4630-5lum-678x1024.jpg\"},{\"@type\":\"BreadcrumbList\",\"@id\":\"https:\/\/www.plstudio.fr\/#breadcrumb\",\"itemListElement\":[{\"@type\":\"ListItem\",\"position\":1,\"name\":\"Accueil\",\"item\":\"https:\/\/www.plstudio.fr\/\"},{\"@type\":\"ListItem\",\"position\":2,\"name\":\"P+L Studio\"}]},{\"@type\":\"WebSite\",\"@id\":\"https:\/\/www.plstudio.fr\/#website\",\"url\":\"https:\/\/www.plstudio.fr\/\",\"name\":\"P+L studio\",\"description\":\"ENNOBLISSEMENT DE SURFACES BRODERIE \/ SCULPTURE TEXTILE\",\"potentialAction\":[{\"@type\":\"SearchAction\",\"target\":{\"@type\":\"EntryPoint\",\"urlTemplate\":\"https:\/\/www.plstudio.fr\/?s={search_term_string}\"},\"query-input\":{\"@type\":\"PropertyValueSpecification\",\"valueRequired\":true,\"valueName\":\"search_term_string\"}}],\"inLanguage\":\"fr-FR\"}]}<\/script>\n<!-- \/ Yoast SEO plugin. -->","yoast_head_json":{"title":"P+L Studio \/ Ennoblissement de surfaces, broderie et scupture textile","description":"P+L Studio d\u00e9veloppe de nouvelles voies d\u2019exp\u00e9rimentations et une expertise technique unique des possibilit\u00e9s offertes par la broderie et le haut relief textile pour l\u2019ennoblissement de surfaces","robots":{"index":"index","follow":"follow","max-snippet":"max-snippet:-1","max-image-preview":"max-image-preview:large","max-video-preview":"max-video-preview:-1"},"canonical":"https:\/\/www.plstudio.fr\/","og_locale":"fr_FR","og_type":"article","og_title":"P+L Studio \/ Ennoblissement de surfaces, broderie et scupture textile","og_description":"P+L Studio d\u00e9veloppe de nouvelles voies d\u2019exp\u00e9rimentations et une expertise technique unique des possibilit\u00e9s offertes par la broderie et le haut relief textile pour l\u2019ennoblissement de surfaces","og_url":"https:\/\/www.plstudio.fr\/","og_site_name":"P+L studio","article_modified_time":"2021-06-28T15:28:50+00:00","og_image":[{"url":"http:\/\/plstudio.fr\/wp-content\/uploads\/PLStudio_DSC_4630-5lum-678x1024.jpg"}],"twitter_card":"summary_large_image","twitter_misc":{"Dur\u00e9e de lecture estim\u00e9e":"2 minutes"},"schema":{"@context":"https:\/\/schema.org","@graph":[{"@type":"WebPage","@id":"https:\/\/www.plstudio.fr\/","url":"https:\/\/www.plstudio.fr\/","name":"P+L Studio \/ Ennoblissement de surfaces, broderie et scupture textile","isPartOf":{"@id":"https:\/\/www.plstudio.fr\/#website"},"primaryImageOfPage":{"@id":"https:\/\/www.plstudio.fr\/#primaryimage"},"image":{"@id":"https:\/\/www.plstudio.fr\/#primaryimage"},"thumbnailUrl":"http:\/\/plstudio.fr\/wp-content\/uploads\/PLStudio_DSC_4630-5lum-678x1024.jpg","datePublished":"2021-06-28T10:04:29+00:00","dateModified":"2021-06-28T15:28:50+00:00","description":"P+L Studio d\u00e9veloppe de nouvelles voies d\u2019exp\u00e9rimentations et une expertise technique unique des possibilit\u00e9s offertes par la broderie et le haut relief textile pour l\u2019ennoblissement de surfaces","breadcrumb":{"@id":"https:\/\/www.plstudio.fr\/#breadcrumb"},"inLanguage":"fr-FR","potentialAction":[{"@type":"ReadAction","target":["https:\/\/www.plstudio.fr\/"]}]},{"@type":"ImageObject","inLanguage":"fr-FR","@id":"https:\/\/www.plstudio.fr\/#primaryimage","url":"http:\/\/plstudio.fr\/wp-content\/uploads\/PLStudio_DSC_4630-5lum-678x1024.jpg","contentUrl":"http:\/\/plstudio.fr\/wp-content\/uploads\/PLStudio_DSC_4630-5lum-678x1024.jpg"},{"@type":"BreadcrumbList","@id":"https:\/\/www.plstudio.fr\/#breadcrumb","itemListElement":[{"@type":"ListItem","position":1,"name":"Accueil","item":"https:\/\/www.plstudio.fr\/"},{"@type":"ListItem","position":2,"name":"P+L Studio"}]},{"@type":"WebSite","@id":"https:\/\/www.plstudio.fr\/#website","url":"https:\/\/www.plstudio.fr\/","name":"P+L studio","description":"ENNOBLISSEMENT DE SURFACES BRODERIE \/ SCULPTURE TEXTILE","potentialAction":[{"@type":"SearchAction","target":{"@type":"EntryPoint","urlTemplate":"https:\/\/www.plstudio.fr\/?s={search_term_string}"},"query-input":{"@type":"PropertyValueSpecification","valueRequired":true,"valueName":"search_term_string"}}],"inLanguage":"fr-FR"}]}},"_links":{"self":[{"href":"https:\/\/www.plstudio.fr\/index.php?rest_route=\/wp\/v2\/pages\/275"}],"collection":[{"href":"https:\/\/www.plstudio.fr\/index.php?rest_route=\/wp\/v2\/pages"}],"about":[{"href":"https:\/\/www.plstudio.fr\/index.php?rest_route=\/wp\/v2\/types\/page"}],"author":[{"embeddable":true,"href":"https:\/\/www.plstudio.fr\/index.php?rest_route=\/wp\/v2\/users\/1"}],"replies":[{"embeddable":true,"href":"https:\/\/www.plstudio.fr\/index.php?rest_route=%2Fwp%2Fv2%2Fcomments&post=275"}],"version-history":[{"count":80,"href":"https:\/\/www.plstudio.fr\/index.php?rest_route=\/wp\/v2\/pages\/275\/revisions"}],"predecessor-version":[{"id":418,"href":"https:\/\/www.plstudio.fr\/index.php?rest_route=\/wp\/v2\/pages\/275\/revisions\/418"}],"wp:attachment":[{"href":"https:\/\/www.plstudio.fr\/index.php?rest_route=%2Fwp%2Fv2%2Fmedia&parent=275"}],"curies":[{"name":"wp","href":"https:\/\/api.w.org\/{rel}","templated":true}]}}