{"id":7,"date":"2016-10-07T13:58:49","date_gmt":"2016-10-07T11:58:49","guid":{"rendered":"http:\/\/plstudio.fr\/?page_id=7"},"modified":"2016-10-07T23:35:10","modified_gmt":"2016-10-07T21:35:10","slug":"contact","status":"publish","type":"page","link":"https:\/\/www.plstudio.fr\/?page_id=7","title":{"rendered":"Contact"},"content":{"rendered":"<div class=\"fusion-fullwidth fullwidth-box fusion-fullwidth-1  fusion-parallax-none nonhundred-percent-fullwidth\" style=\"border-color:#eae9e9;border-bottom-width: 0px;border-top-width: 0px;border-bottom-style: solid;border-top-style: solid;padding-bottom:20px;padding-top:20px;padding-left:;padding-right:;background-color:rgba(255,255,255,0);\"><style type=\"text\/css\" scoped=\"scoped\">.fusion-fullwidth-1 {\n                            padding-left: px !important;\n                            padding-right: px !important;\n                        }<\/style><div class=\"fusion-row\"><div class=\"fusion-one-full fusion-layout-column fusion-column-last fusion-spacing-yes\" style=\"margin-top:0px;margin-bottom:0px;\" id=\"bloc-contact\"><div class=\"fusion-column-wrapper\" style=\"background-color:#f4f0eb;padding:40px 10%;\"><p style=\"text-align: center;\">SUR RENDEZ-VOUS<\/p>\n<p style=\"text-align: center;\"><strong>Showroom<\/strong><br \/>\n<strong> 5 rue Godot de Mauroy, 75009 PARIS<\/strong><\/p>\n<p style=\"text-align: center;\"><strong>+33 (0)1 34 13 57 75 \u00a0\u2014 \u00a0<\/strong><a href=\"mailto:contact@plstudio.fr\"><strong>contact@plstudio.fr<\/strong><\/a><\/p>\n<div class=\"fusion-sep-clear\"><\/div><div class=\"fusion-separator sep-single\" style=\"border-color:#b5b5b5;border-top-width:1px;margin-left: auto;margin-right: auto;margin-top:10px;margin-bottom:25px;width:100%;max-width:75%;\"><\/div><p style=\"text-align: center;\">Toutes nos cr\u00e9ations sont r\u00e9alis\u00e9es \u00e0 la main, sur commande, depuis notre atelier parisien.<br \/>\nPour toute question sur nos m\u00e9thodes de travail et la mani\u00e8re dont nous collaborons avec les marques et les designers, contactez-nous.<\/p>\n<p style=\"text-align: center;\">Notre client\u00e8le, professionnelle et priv\u00e9e, nous fait confiance pour notre professionnalisme, incluant le respect de la confidentialit\u00e9 exig\u00e9e pour la plupart des projets sur lesquels nous travaillons. Les photographies pr\u00e9sent\u00e9es sur ce site font toutes l\u2019objet d\u2019un accord de diffusion sp\u00e9cifique de la part de nos interlocuteurs.<\/p>\n<div class=\"fusion-clearfix\"><\/div><\/div><\/div><div class=\"fusion-clearfix\"><\/div><\/div><\/div>\n","protected":false},"excerpt":{"rendered":"","protected":false},"author":1,"featured_media":0,"parent":0,"menu_order":0,"comment_status":"closed","ping_status":"closed","template":"","meta":{"_exactmetrics_skip_tracking":false,"_exactmetrics_sitenote_active":false,"_exactmetrics_sitenote_note":"","_exactmetrics_sitenote_category":0,"footnotes":""},"class_list":["post-7","page","type-page","status-publish","hentry"],"yoast_head":"<!-- This site is optimized with the Yoast SEO plugin v23.6 - https:\/\/yoast.com\/wordpress\/plugins\/seo\/ -->\n<title>P+L Studio<\/title>\n<meta name=\"description\" content=\"Prenez contact avec P&amp;L studio. Nous restons disponible pour toute question sur nos m\u00e9thodes de travail et la mani\u00e8re dont nous collaborons ...\" \/>\n<meta name=\"robots\" content=\"index, follow, max-snippet:-1, max-image-preview:large, max-video-preview:-1\" \/>\n<link rel=\"canonical\" href=\"https:\/\/www.plstudio.fr\/?page_id=7\" \/>\n<meta property=\"og:locale\" content=\"fr_FR\" \/>\n<meta property=\"og:type\" content=\"article\" \/>\n<meta property=\"og:title\" content=\"P+L Studio\" \/>\n<meta property=\"og:description\" content=\"Prenez contact avec P&amp;L studio. Nous restons disponible pour toute question sur nos m\u00e9thodes de travail et la mani\u00e8re dont nous collaborons ...\" \/>\n<meta property=\"og:url\" content=\"https:\/\/www.plstudio.fr\/?page_id=7\" \/>\n<meta property=\"og:site_name\" content=\"P+L studio\" \/>\n<meta property=\"article:modified_time\" content=\"2016-10-07T21:35:10+00:00\" \/>\n<meta name=\"twitter:card\" content=\"summary_large_image\" \/>\n<meta name=\"twitter:label1\" content=\"Dur\u00e9e de lecture estim\u00e9e\" \/>\n\t<meta name=\"twitter:data1\" content=\"1 minute\" \/>\n<script type=\"application\/ld+json\" class=\"yoast-schema-graph\">{\"@context\":\"https:\/\/schema.org\",\"@graph\":[{\"@type\":\"WebPage\",\"@id\":\"https:\/\/www.plstudio.fr\/?page_id=7\",\"url\":\"https:\/\/www.plstudio.fr\/?page_id=7\",\"name\":\"P+L Studio\",\"isPartOf\":{\"@id\":\"https:\/\/www.plstudio.fr\/#website\"},\"datePublished\":\"2016-10-07T11:58:49+00:00\",\"dateModified\":\"2016-10-07T21:35:10+00:00\",\"description\":\"Prenez contact avec P&L studio. Nous restons disponible pour toute question sur nos m\u00e9thodes de travail et la mani\u00e8re dont nous collaborons ...\",\"breadcrumb\":{\"@id\":\"https:\/\/www.plstudio.fr\/?page_id=7#breadcrumb\"},\"inLanguage\":\"fr-FR\",\"potentialAction\":[{\"@type\":\"ReadAction\",\"target\":[\"https:\/\/www.plstudio.fr\/?page_id=7\"]}]},{\"@type\":\"BreadcrumbList\",\"@id\":\"https:\/\/www.plstudio.fr\/?page_id=7#breadcrumb\",\"itemListElement\":[{\"@type\":\"ListItem\",\"position\":1,\"name\":\"Accueil\",\"item\":\"https:\/\/www.plstudio.fr\/\"},{\"@type\":\"ListItem\",\"position\":2,\"name\":\"Contact\"}]},{\"@type\":\"WebSite\",\"@id\":\"https:\/\/www.plstudio.fr\/#website\",\"url\":\"https:\/\/www.plstudio.fr\/\",\"name\":\"P+L studio\",\"description\":\"ENNOBLISSEMENT DE SURFACES BRODERIE \/ SCULPTURE TEXTILE\",\"potentialAction\":[{\"@type\":\"SearchAction\",\"target\":{\"@type\":\"EntryPoint\",\"urlTemplate\":\"https:\/\/www.plstudio.fr\/?s={search_term_string}\"},\"query-input\":{\"@type\":\"PropertyValueSpecification\",\"valueRequired\":true,\"valueName\":\"search_term_string\"}}],\"inLanguage\":\"fr-FR\"}]}<\/script>\n<!-- \/ Yoast SEO plugin. -->","yoast_head_json":{"title":"P+L Studio","description":"Prenez contact avec P&L studio. Nous restons disponible pour toute question sur nos m\u00e9thodes de travail et la mani\u00e8re dont nous collaborons ...","robots":{"index":"index","follow":"follow","max-snippet":"max-snippet:-1","max-image-preview":"max-image-preview:large","max-video-preview":"max-video-preview:-1"},"canonical":"https:\/\/www.plstudio.fr\/?page_id=7","og_locale":"fr_FR","og_type":"article","og_title":"P+L Studio","og_description":"Prenez contact avec P&L studio. Nous restons disponible pour toute question sur nos m\u00e9thodes de travail et la mani\u00e8re dont nous collaborons ...","og_url":"https:\/\/www.plstudio.fr\/?page_id=7","og_site_name":"P+L studio","article_modified_time":"2016-10-07T21:35:10+00:00","twitter_card":"summary_large_image","twitter_misc":{"Dur\u00e9e de lecture estim\u00e9e":"1 minute"},"schema":{"@context":"https:\/\/schema.org","@graph":[{"@type":"WebPage","@id":"https:\/\/www.plstudio.fr\/?page_id=7","url":"https:\/\/www.plstudio.fr\/?page_id=7","name":"P+L Studio","isPartOf":{"@id":"https:\/\/www.plstudio.fr\/#website"},"datePublished":"2016-10-07T11:58:49+00:00","dateModified":"2016-10-07T21:35:10+00:00","description":"Prenez contact avec P&L studio. Nous restons disponible pour toute question sur nos m\u00e9thodes de travail et la mani\u00e8re dont nous collaborons ...","breadcrumb":{"@id":"https:\/\/www.plstudio.fr\/?page_id=7#breadcrumb"},"inLanguage":"fr-FR","potentialAction":[{"@type":"ReadAction","target":["https:\/\/www.plstudio.fr\/?page_id=7"]}]},{"@type":"BreadcrumbList","@id":"https:\/\/www.plstudio.fr\/?page_id=7#breadcrumb","itemListElement":[{"@type":"ListItem","position":1,"name":"Accueil","item":"https:\/\/www.plstudio.fr\/"},{"@type":"ListItem","position":2,"name":"Contact"}]},{"@type":"WebSite","@id":"https:\/\/www.plstudio.fr\/#website","url":"https:\/\/www.plstudio.fr\/","name":"P+L studio","description":"ENNOBLISSEMENT DE SURFACES BRODERIE \/ SCULPTURE TEXTILE","potentialAction":[{"@type":"SearchAction","target":{"@type":"EntryPoint","urlTemplate":"https:\/\/www.plstudio.fr\/?s={search_term_string}"},"query-input":{"@type":"PropertyValueSpecification","valueRequired":true,"valueName":"search_term_string"}}],"inLanguage":"fr-FR"}]}},"_links":{"self":[{"href":"https:\/\/www.plstudio.fr\/index.php?rest_route=\/wp\/v2\/pages\/7"}],"collection":[{"href":"https:\/\/www.plstudio.fr\/index.php?rest_route=\/wp\/v2\/pages"}],"about":[{"href":"https:\/\/www.plstudio.fr\/index.php?rest_route=\/wp\/v2\/types\/page"}],"author":[{"embeddable":true,"href":"https:\/\/www.plstudio.fr\/index.php?rest_route=\/wp\/v2\/users\/1"}],"replies":[{"embeddable":true,"href":"https:\/\/www.plstudio.fr\/index.php?rest_route=%2Fwp%2Fv2%2Fcomments&post=7"}],"version-history":[{"count":1,"href":"https:\/\/www.plstudio.fr\/index.php?rest_route=\/wp\/v2\/pages\/7\/revisions"}],"predecessor-version":[{"id":8,"href":"https:\/\/www.plstudio.fr\/index.php?rest_route=\/wp\/v2\/pages\/7\/revisions\/8"}],"wp:attachment":[{"href":"https:\/\/www.plstudio.fr\/index.php?rest_route=%2Fwp%2Fv2%2Fmedia&parent=7"}],"curies":[{"name":"wp","href":"https:\/\/api.w.org\/{rel}","templated":true}]}}